{"id":1049,"date":"2017-09-11T12:53:10","date_gmt":"2017-09-11T10:53:10","guid":{"rendered":"http:\/\/umhsaludable.umh.es\/?page_id=1049"},"modified":"2017-09-11T12:54:51","modified_gmt":"2017-09-11T10:54:51","slug":"informacion-interes-badali","status":"publish","type":"page","link":"https:\/\/umhsaludable.umh.es\/ca\/badali\/informacion-interes-badali\/","title":{"rendered":"<span lang=\"es\">(Espa\u00f1ol) INFORMACI\u00d3N INTER\u00c9S BADALI<\/span>"},"content":{"rendered":"<p class=\"qtranxs-available-languages-message qtranxs-available-languages-message-ca\">Ho sentim, aquesta entrada es troba disponible \u00fanicament en <a href=\"https:\/\/umhsaludable.umh.es\/es\/wp-json\/wp\/v2\/pages\/1049\" class=\"qtranxs-available-language-link qtranxs-available-language-link-es\" title=\"Espa\u00f1ol\">Espanyol Europeu<\/a>.<\/p>","protected":false},"excerpt":{"rendered":"<p>Ho sentim, aquesta entrada es troba disponible \u00fanicament en Espanyol Europeu.<\/p>\n","protected":false},"author":184,"featured_media":0,"parent":1020,"menu_order":0,"comment_status":"closed","ping_status":"closed","template":"","meta":{"_links_to":"","_links_to_target":""},"_links":{"self":[{"href":"https:\/\/umhsaludable.umh.es\/ca\/wp-json\/wp\/v2\/pages\/1049"}],"collection":[{"href":"https:\/\/umhsaludable.umh.es\/ca\/wp-json\/wp\/v2\/pages"}],"about":[{"href":"https:\/\/umhsaludable.umh.es\/ca\/wp-json\/wp\/v2\/types\/page"}],"author":[{"embeddable":true,"href":"https:\/\/umhsaludable.umh.es\/ca\/wp-json\/wp\/v2\/users\/184"}],"replies":[{"embeddable":true,"href":"https:\/\/umhsaludable.umh.es\/ca\/wp-json\/wp\/v2\/comments?post=1049"}],"version-history":[{"count":0,"href":"https:\/\/umhsaludable.umh.es\/ca\/wp-json\/wp\/v2\/pages\/1049\/revisions"}],"up":[{"embeddable":true,"href":"https:\/\/umhsaludable.umh.es\/ca\/wp-json\/wp\/v2\/pages\/1020"}],"wp:attachment":[{"href":"https:\/\/umhsaludable.umh.es\/ca\/wp-json\/wp\/v2\/media?parent=1049"}],"curies":[{"name":"wp","href":"https:\/\/api.w.org\/{rel}","templated":true}]}}