{"id":5,"date":"2016-03-01T07:36:09","date_gmt":"2016-03-01T07:36:09","guid":{"rendered":"http:\/\/umhsaludable.zeus.umh.es\/presentacion\/"},"modified":"2018-03-07T12:24:42","modified_gmt":"2018-03-07T11:24:42","slug":"presentacion","status":"publish","type":"page","link":"https:\/\/umhsaludable.umh.es\/ca\/presentacion\/","title":{"rendered":"Qu\u00e8 \u00e9s UMH Saludable?"},"content":{"rendered":"<p><\/p>\n<p style=\"text-align: justify\"><a href=\"https:\/\/umhsaludable.umh.es\/files\/2014\/05\/Logo-UMH-Saludable.png\"><img loading=\"lazy\" class=\"alignleft\" title=\"UMH Saludable\" alt=\"Logo UMH Saludable\" src=\"https:\/\/umhsaludable.umh.es\/files\/2014\/05\/Logo-UMH-Saludable-300x119.png\" width=\"300\" height=\"119\" \/><\/a>La <a title=\"UMH\" href=\"http:\/\/umh.es\/?lang=VAL\" target=\"_blank\">Universitat Miguel Hern\u00e1ndez d&#8217;Elx<\/a> com a escenari multidisciplinari en el qual es formen professionals en diversos \u00e0mbits relacionats amb la promoci\u00f3 de la salut, ha establit l\u00ednies d&#8217;actuaci\u00f3 per a engegar tot tipus d&#8217;activitats i projectes amb l&#8217;objectiu com\u00fa de promocionar la salut en tots els \u00e0mbits acad\u00e8mics, desenvolupant una cultura d&#8217;h\u00e0bits saludables, incloent la formaci\u00f3 en estils de vida saludable.<\/p>\n<p style=\"text-align: justify\">UMH saludable pret\u00e9n impulsar accions i activitats a trav\u00e9s de diferents serveis, unitats o \u00f2rgans competents implicats en el Projecte UMH Saludable.<\/p>\n<p style=\"text-align: justify\">El nostre objectiu global \u00e9s la Promoci\u00f3 de Salut, pilar fonamental per a la consecuci\u00f3 de la resta de objectius particulars:<\/p>\n<ul style=\"text-align: justify\">\n<li>Afavorir la<strong> formaci\u00f3 integral<\/strong> dels membres de la comunitat universit\u00e0ria en promoci\u00f3 de la salut, aix\u00ed com<strong> la creaci\u00f3 de \u00e0mbits de treball saludables<\/strong> en cada Campus Universitari.<\/li>\n<\/ul>\n<ul style=\"text-align: justify\">\n<li>Desenvolupar noves<strong> l\u00ednies de recerca<\/strong> enfocades a l&#8217;assist\u00e8ncia m\u00e8dica, la salut prim\u00e0ria, cura, prevenci\u00f3 i salut positiva.<\/li>\n<\/ul>\n<ul style=\"text-align: justify\">\n<li>Impulsar una recerca aplicada dins de l&#8217;\u00e0mbit universitari sobre<strong> &#8216;Gastronomia Saludable&#8217;<\/strong><\/li>\n<\/ul>\n<ul style=\"text-align: justify\">\n<li>Propiciar la<strong> sensibilitzaci\u00f3<\/strong>, l&#8217;intercanvi d&#8217;experi\u00e8ncies i la seua difusi\u00f3 amb altres sectors i institucions d&#8217;\u00e0mbit local i regional relacionats amb la <strong>promoci\u00f3 d&#8217;estils de vida saludables.<\/strong><\/li>\n<\/ul>\n<p style=\"text-align: justify\">Podeu obtenir tota aquesta informaci\u00f3 i m\u00e9s en el <a href=\"https:\/\/umhsaludable.umh.es\/files\/2014\/05\/FOLLETO-SALUDABLE-2013-Con-Logos-de-Xarxa-y-REus.pdf\">Fullet UMH Saludable<\/a>. Us convidem a deixar-vos caure per la web, les vostres visites i els vostres comentaris s\u00f3n fonamentals per a seguir millorant.<\/p>\n<p>\u00a0<\/p>\n<p style=\"text-align: justify\"><strong>*Nota:<\/strong> <span style=\"text-decoration: underline\"><em>Aquest text ha sigut tradu\u00eft utilitzant un motor de traducci\u00f3 autom\u00e0tica.<\/em><\/span><\/p>\n<p><\/p>","protected":false},"excerpt":{"rendered":"<p>P\u00e1gina de presentaci\u00f3n de la unidad organizativa<\/p>\n","protected":false},"author":1,"featured_media":0,"parent":0,"menu_order":0,"comment_status":"closed","ping_status":"open","template":"","meta":{"_links_to":"","_links_to_target":""},"_links":{"self":[{"href":"https:\/\/umhsaludable.umh.es\/ca\/wp-json\/wp\/v2\/pages\/5"}],"collection":[{"href":"https:\/\/umhsaludable.umh.es\/ca\/wp-json\/wp\/v2\/pages"}],"about":[{"href":"https:\/\/umhsaludable.umh.es\/ca\/wp-json\/wp\/v2\/types\/page"}],"author":[{"embeddable":true,"href":"https:\/\/umhsaludable.umh.es\/ca\/wp-json\/wp\/v2\/users\/1"}],"replies":[{"embeddable":true,"href":"https:\/\/umhsaludable.umh.es\/ca\/wp-json\/wp\/v2\/comments?post=5"}],"version-history":[{"count":0,"href":"https:\/\/umhsaludable.umh.es\/ca\/wp-json\/wp\/v2\/pages\/5\/revisions"}],"wp:attachment":[{"href":"https:\/\/umhsaludable.umh.es\/ca\/wp-json\/wp\/v2\/media?parent=5"}],"curies":[{"name":"wp","href":"https:\/\/api.w.org\/{rel}","templated":true}]}}